{"id":11,"date":"2013-01-07T19:22:22","date_gmt":"2013-01-07T18:22:22","guid":{"rendered":"http:\/\/www.alterschlachthof.at\/ash\/?page_id=11"},"modified":"2023-02-13T15:24:55","modified_gmt":"2023-02-13T14:24:55","slug":"vzfam","status":"publish","type":"page","link":"http:\/\/www.alterschlachthof.at\/ash\/vereine\/vzfam\/","title":{"rendered":"Verein zur F\u00f6rderung alternativer Musikkultur    (MR)"},"content":{"rendered":"<p>Wir sehen uns als ein offener Verein f\u00fcr alle Altersgruppen, die Interesse an Alternativmusik in verschiedenster Ausf\u00fchrung haben, sei es in Form von selbst veranstalteten Konzerten\/Abendveranstaltungen f\u00fcr die Hollabrunner Gegend oder auch in eigenkreativer Regie.<\/p>\n<p>Neben den vorhandenen Prober\u00e4umen finden auch vereinsinterne Unternehmungen unter dem Jahr statt.<\/p>\n<p>Ein wertsch\u00e4tzender Umgang innerhalb des Vereins, der f\u00fcr Spa\u00df und pers\u00f6nliche Entfaltung bei den gemeinsamen Aktivit\u00e4ten sorgt, ist uns wichtig.<\/p>\n<p>Jede\/r ist herzlich willkommen diesem Prozess beizuwohnen.<\/p>\n<p>Bei Interesse schreibt uns einfach oder sprecht uns bei den Veranstaltungen darauf an.<\/p>\n<p>more info: <a href=\"http:\/\/masturbationrecords.at\">MR-Website<\/a><\/p>\n<p><a href=\"http:\/\/www.alterschlachthof.at\/ash\/wp-content\/uploads\/MR-Stempel-schwarz.gif\">\u00a0<\/a><\/p>\n","protected":false},"excerpt":{"rendered":"<p>Wir sehen uns als ein offener Verein f\u00fcr alle Altersgruppen, die Interesse an Alternativmusik in verschiedenster Ausf\u00fchrung haben, sei es in Form von selbst veranstalteten Konzerten\/Abendveranstaltungen f\u00fcr die Hollabrunner Gegend oder auch in eigenkreativer Regie. Neben den vorhandenen Prober\u00e4umen finden &hellip; <a href=\"http:\/\/www.alterschlachthof.at\/ash\/vereine\/vzfam\/\">Weiterlesen <span class=\"meta-nav\">&rarr;<\/span><\/a><\/p>\n","protected":false},"author":4,"featured_media":146,"parent":2,"menu_order":0,"comment_status":"open","ping_status":"closed","template":"","meta":{"_monsterinsights_skip_tracking":false,"_monsterinsights_sitenote_active":false,"_monsterinsights_sitenote_note":"","_monsterinsights_sitenote_category":0},"yoast_head":"<!-- This site is optimized with the Yoast SEO plugin v20.1 - https:\/\/yoast.com\/wordpress\/plugins\/seo\/ -->\n<title>Verein zur F\u00f6rderung alternativer Musikkultur  (MR) - Alter Schlachthof Hollabrunn<\/title>\n<meta name=\"robots\" content=\"index, follow, max-snippet:-1, max-image-preview:large, max-video-preview:-1\" \/>\n<link rel=\"canonical\" href=\"http:\/\/www.alterschlachthof.at\/ash\/vereine\/vzfam\/\" \/>\n<meta property=\"og:locale\" content=\"de_DE\" \/>\n<meta property=\"og:type\" content=\"article\" \/>\n<meta property=\"og:title\" content=\"Verein zur F\u00f6rderung alternativer Musikkultur  (MR) - Alter Schlachthof Hollabrunn\" \/>\n<meta property=\"og:description\" content=\"Wir sehen uns als ein offener Verein f\u00fcr alle Altersgruppen, die Interesse an Alternativmusik in verschiedenster Ausf\u00fchrung haben, sei es in Form von selbst veranstalteten Konzerten\/Abendveranstaltungen f\u00fcr die Hollabrunner Gegend oder auch in eigenkreativer Regie. Neben den vorhandenen Prober\u00e4umen finden &hellip; Weiterlesen &rarr;\" \/>\n<meta property=\"og:url\" content=\"http:\/\/www.alterschlachthof.at\/ash\/vereine\/vzfam\/\" \/>\n<meta property=\"og:site_name\" content=\"Alter Schlachthof Hollabrunn\" \/>\n<meta property=\"article:modified_time\" content=\"2023-02-13T14:24:55+00:00\" \/>\n<meta property=\"og:image\" content=\"http:\/\/www.alterschlachthof.at\/ash\/wp-content\/uploads\/bar3.jpg\" \/>\n\t<meta property=\"og:image:width\" content=\"1000\" \/>\n\t<meta property=\"og:image:height\" content=\"288\" \/>\n\t<meta property=\"og:image:type\" content=\"image\/jpeg\" \/>\n<meta name=\"twitter:label1\" content=\"Gesch\u00e4tzte Lesezeit\" \/>\n\t<meta name=\"twitter:data1\" content=\"1\u00a0Minute\" \/>\n<script type=\"application\/ld+json\" class=\"yoast-schema-graph\">{\"@context\":\"https:\/\/schema.org\",\"@graph\":[{\"@type\":\"WebPage\",\"@id\":\"http:\/\/www.alterschlachthof.at\/ash\/vereine\/vzfam\/\",\"url\":\"http:\/\/www.alterschlachthof.at\/ash\/vereine\/vzfam\/\",\"name\":\"Verein zur F\u00f6rderung alternativer Musikkultur (MR) - Alter Schlachthof Hollabrunn\",\"isPartOf\":{\"@id\":\"http:\/\/www.alterschlachthof.at\/ash\/#website\"},\"datePublished\":\"2013-01-07T18:22:22+00:00\",\"dateModified\":\"2023-02-13T14:24:55+00:00\",\"breadcrumb\":{\"@id\":\"http:\/\/www.alterschlachthof.at\/ash\/vereine\/vzfam\/#breadcrumb\"},\"inLanguage\":\"de\",\"potentialAction\":[{\"@type\":\"ReadAction\",\"target\":[\"http:\/\/www.alterschlachthof.at\/ash\/vereine\/vzfam\/\"]}]},{\"@type\":\"BreadcrumbList\",\"@id\":\"http:\/\/www.alterschlachthof.at\/ash\/vereine\/vzfam\/#breadcrumb\",\"itemListElement\":[{\"@type\":\"ListItem\",\"position\":1,\"name\":\"Home\",\"item\":\"http:\/\/www.alterschlachthof.at\/ash\/\"},{\"@type\":\"ListItem\",\"position\":2,\"name\":\"Vereine\",\"item\":\"http:\/\/www.alterschlachthof.at\/ash\/vereine\/\"},{\"@type\":\"ListItem\",\"position\":3,\"name\":\"Verein zur F\u00f6rderung alternativer Musikkultur (MR)\"}]},{\"@type\":\"WebSite\",\"@id\":\"http:\/\/www.alterschlachthof.at\/ash\/#website\",\"url\":\"http:\/\/www.alterschlachthof.at\/ash\/\",\"name\":\"Alter Schlachthof Hollabrunn\",\"description\":\"Verein zur F\u00f6rderung der Kulturszene in Hollabrunn\",\"potentialAction\":[{\"@type\":\"SearchAction\",\"target\":{\"@type\":\"EntryPoint\",\"urlTemplate\":\"http:\/\/www.alterschlachthof.at\/ash\/?s={search_term_string}\"},\"query-input\":\"required name=search_term_string\"}],\"inLanguage\":\"de\"}]}<\/script>\n<!-- \/ Yoast SEO plugin. -->","yoast_head_json":{"title":"Verein zur F\u00f6rderung alternativer Musikkultur  (MR) - Alter Schlachthof Hollabrunn","robots":{"index":"index","follow":"follow","max-snippet":"max-snippet:-1","max-image-preview":"max-image-preview:large","max-video-preview":"max-video-preview:-1"},"canonical":"http:\/\/www.alterschlachthof.at\/ash\/vereine\/vzfam\/","og_locale":"de_DE","og_type":"article","og_title":"Verein zur F\u00f6rderung alternativer Musikkultur  (MR) - Alter Schlachthof Hollabrunn","og_description":"Wir sehen uns als ein offener Verein f\u00fcr alle Altersgruppen, die Interesse an Alternativmusik in verschiedenster Ausf\u00fchrung haben, sei es in Form von selbst veranstalteten Konzerten\/Abendveranstaltungen f\u00fcr die Hollabrunner Gegend oder auch in eigenkreativer Regie. Neben den vorhandenen Prober\u00e4umen finden &hellip; Weiterlesen &rarr;","og_url":"http:\/\/www.alterschlachthof.at\/ash\/vereine\/vzfam\/","og_site_name":"Alter Schlachthof Hollabrunn","article_modified_time":"2023-02-13T14:24:55+00:00","og_image":[{"width":1000,"height":288,"url":"http:\/\/www.alterschlachthof.at\/ash\/wp-content\/uploads\/bar3.jpg","type":"image\/jpeg"}],"twitter_misc":{"Gesch\u00e4tzte Lesezeit":"1\u00a0Minute"},"schema":{"@context":"https:\/\/schema.org","@graph":[{"@type":"WebPage","@id":"http:\/\/www.alterschlachthof.at\/ash\/vereine\/vzfam\/","url":"http:\/\/www.alterschlachthof.at\/ash\/vereine\/vzfam\/","name":"Verein zur F\u00f6rderung alternativer Musikkultur (MR) - Alter Schlachthof Hollabrunn","isPartOf":{"@id":"http:\/\/www.alterschlachthof.at\/ash\/#website"},"datePublished":"2013-01-07T18:22:22+00:00","dateModified":"2023-02-13T14:24:55+00:00","breadcrumb":{"@id":"http:\/\/www.alterschlachthof.at\/ash\/vereine\/vzfam\/#breadcrumb"},"inLanguage":"de","potentialAction":[{"@type":"ReadAction","target":["http:\/\/www.alterschlachthof.at\/ash\/vereine\/vzfam\/"]}]},{"@type":"BreadcrumbList","@id":"http:\/\/www.alterschlachthof.at\/ash\/vereine\/vzfam\/#breadcrumb","itemListElement":[{"@type":"ListItem","position":1,"name":"Home","item":"http:\/\/www.alterschlachthof.at\/ash\/"},{"@type":"ListItem","position":2,"name":"Vereine","item":"http:\/\/www.alterschlachthof.at\/ash\/vereine\/"},{"@type":"ListItem","position":3,"name":"Verein zur F\u00f6rderung alternativer Musikkultur (MR)"}]},{"@type":"WebSite","@id":"http:\/\/www.alterschlachthof.at\/ash\/#website","url":"http:\/\/www.alterschlachthof.at\/ash\/","name":"Alter Schlachthof Hollabrunn","description":"Verein zur F\u00f6rderung der Kulturszene in Hollabrunn","potentialAction":[{"@type":"SearchAction","target":{"@type":"EntryPoint","urlTemplate":"http:\/\/www.alterschlachthof.at\/ash\/?s={search_term_string}"},"query-input":"required name=search_term_string"}],"inLanguage":"de"}]}},"_links":{"self":[{"href":"http:\/\/www.alterschlachthof.at\/ash\/wp-json\/wp\/v2\/pages\/11"}],"collection":[{"href":"http:\/\/www.alterschlachthof.at\/ash\/wp-json\/wp\/v2\/pages"}],"about":[{"href":"http:\/\/www.alterschlachthof.at\/ash\/wp-json\/wp\/v2\/types\/page"}],"author":[{"embeddable":true,"href":"http:\/\/www.alterschlachthof.at\/ash\/wp-json\/wp\/v2\/users\/4"}],"replies":[{"embeddable":true,"href":"http:\/\/www.alterschlachthof.at\/ash\/wp-json\/wp\/v2\/comments?post=11"}],"version-history":[{"count":10,"href":"http:\/\/www.alterschlachthof.at\/ash\/wp-json\/wp\/v2\/pages\/11\/revisions"}],"predecessor-version":[{"id":387,"href":"http:\/\/www.alterschlachthof.at\/ash\/wp-json\/wp\/v2\/pages\/11\/revisions\/387"}],"up":[{"embeddable":true,"href":"http:\/\/www.alterschlachthof.at\/ash\/wp-json\/wp\/v2\/pages\/2"}],"wp:featuredmedia":[{"embeddable":true,"href":"http:\/\/www.alterschlachthof.at\/ash\/wp-json\/wp\/v2\/media\/146"}],"wp:attachment":[{"href":"http:\/\/www.alterschlachthof.at\/ash\/wp-json\/wp\/v2\/media?parent=11"}],"curies":[{"name":"wp","href":"https:\/\/api.w.org\/{rel}","templated":true}]}}