{"id":21,"date":"2013-01-07T19:34:12","date_gmt":"2013-01-07T17:34:12","guid":{"rendered":"http:\/\/www.alterschlachthof.at\/ash\/?page_id=21"},"modified":"2023-02-13T15:11:49","modified_gmt":"2023-02-13T14:11:49","slug":"rollerverein","status":"publish","type":"page","link":"http:\/\/www.alterschlachthof.at\/ash\/vereine\/rollerverein\/","title":{"rendered":"Rollerverein Elderspring\u00b4s Scooters"},"content":{"rendered":"<p>Der Rollerverein Hollabrunn Eldersping\u00b4s Scooters wurde 1990 als markenoffener Verein gegr\u00fcndet, um Rollerbegeisternte unterschiedlicher Marken zu vereinen. Rasch erfolgte der Beitritt zum Vespa Club Austria, dem Dachverband der \u00f6sterreichischen Vespaclubs, und damit auch zur Federation International des Vespa Clubs (FIV) \u2013 heute Vespa World Club.<\/p>\n<p>Der Verein war bis zum Jahre 1996 in der Pointnerm\u00fchle in der Znaimerstrasse beheimatet. In diesen Jahren war der Verein einer der gr\u00f6\u00dften Vespa- &amp; Rollervereine in \u00d6stereich mit 60 \u2013 80 Mitgliedern.<\/p>\n<p>Von 1992 bis 1996 wurden in Hollabrunn die meistbesuchten \u00f6sterreichischen Vespatreffen der 90er-Jahre mit 800 -1000 Besuchern veranstaltet.<\/p>\n<p>Mit dem Verlust des Clublokals setzte der Verein seine Schwerpunkte in der Mitarbeit im \u00f6sterreichischen Dachverband der Vespa Clubs, dem Vespa Club Austria, in internationalen Rollerreisen, der Rollerrestauration und der Ausrichtung und Teilnahme am traditionellen Geschicklichkeitsfahren mit der Vespa \u2013 der Gymkhana. \u00dcber die Jahre hinweg konnten gerade im Bereich der Gymkhana mehrere Spitzenplatzierungen und Staatsmeistertitel errungen werden.<\/p>\n<p>Als das Projekt \u201eAlter Schlachthof\u201c Gestalt annahm durften wir uns \u00fcber ein neues Clublokal freuen und waren mit gro\u00dfem k\u00f6rperlichen Einsatz von Anfang an bei den Adaptierungsarbeiten dabei.<\/p>\n<p>Der Schwerpunkt Gymkhana wurde weitervefolgt.<\/p>\n<p>2005 veranstalteten wir am Alten Schlachthof nochmals ein Vespatreffen, das \u201eWeinviertel Classic\u201c.<\/p>\n<p>2012 konnten wir eine internationale, zweit\u00e4gige Rollersportveranstaltung in Hollabrunn und Umgebung durchf\u00fchren, einen Lauf der Vespa Rally Championship, der Europameisterschaft des Vespa World Club im Vespa Rally-Fahren.<\/p>\n<p>2013 startete der Rollerverein Hollabrunn erstmals mit einem eigenen Vespa Rally Team bei einem internationalen Lauf des Vespa Rally Championships in der Steiermark und konnte den Sieg in der Teamwertung sowie mehrere Spitzenplatzierungen erringen.<\/p>\n<p>Weiters stellt der Rollerverein Hollabrunn seit Oktober 2013 die Pr\u00e4sidentin des Vespa Club Austria.<\/p>\n","protected":false},"excerpt":{"rendered":"<p>Der Rollerverein Hollabrunn Eldersping\u00b4s Scooters wurde 1990 als markenoffener Verein gegr\u00fcndet, um Rollerbegeisternte unterschiedlicher Marken zu vereinen. Rasch erfolgte der Beitritt zum Vespa Club Austria, dem Dachverband der \u00f6sterreichischen Vespaclubs, und damit auch zur Federation International des Vespa Clubs (FIV) &hellip; <a href=\"http:\/\/www.alterschlachthof.at\/ash\/vereine\/rollerverein\/\">Weiterlesen <span class=\"meta-nav\">&rarr;<\/span><\/a><\/p>\n","protected":false},"author":4,"featured_media":0,"parent":2,"menu_order":0,"comment_status":"open","ping_status":"open","template":"","meta":{"_monsterinsights_skip_tracking":false,"_monsterinsights_sitenote_active":false,"_monsterinsights_sitenote_note":"","_monsterinsights_sitenote_category":0},"yoast_head":"<!-- This site is optimized with the Yoast SEO plugin v20.1 - https:\/\/yoast.com\/wordpress\/plugins\/seo\/ -->\n<title>Rollerverein Elderspring\u00b4s Scooters - Alter Schlachthof Hollabrunn<\/title>\n<meta name=\"robots\" content=\"index, follow, max-snippet:-1, max-image-preview:large, max-video-preview:-1\" \/>\n<link rel=\"canonical\" href=\"http:\/\/www.alterschlachthof.at\/ash\/vereine\/rollerverein\/\" \/>\n<meta property=\"og:locale\" content=\"de_DE\" \/>\n<meta property=\"og:type\" content=\"article\" \/>\n<meta property=\"og:title\" content=\"Rollerverein Elderspring\u00b4s Scooters - Alter Schlachthof Hollabrunn\" \/>\n<meta property=\"og:description\" content=\"Der Rollerverein Hollabrunn Eldersping\u00b4s Scooters wurde 1990 als markenoffener Verein gegr\u00fcndet, um Rollerbegeisternte unterschiedlicher Marken zu vereinen. Rasch erfolgte der Beitritt zum Vespa Club Austria, dem Dachverband der \u00f6sterreichischen Vespaclubs, und damit auch zur Federation International des Vespa Clubs (FIV) &hellip; Weiterlesen &rarr;\" \/>\n<meta property=\"og:url\" content=\"http:\/\/www.alterschlachthof.at\/ash\/vereine\/rollerverein\/\" \/>\n<meta property=\"og:site_name\" content=\"Alter Schlachthof Hollabrunn\" \/>\n<meta property=\"article:modified_time\" content=\"2023-02-13T14:11:49+00:00\" \/>\n<meta name=\"twitter:label1\" content=\"Gesch\u00e4tzte Lesezeit\" \/>\n\t<meta name=\"twitter:data1\" content=\"1\u00a0Minute\" \/>\n<script type=\"application\/ld+json\" class=\"yoast-schema-graph\">{\"@context\":\"https:\/\/schema.org\",\"@graph\":[{\"@type\":\"WebPage\",\"@id\":\"http:\/\/www.alterschlachthof.at\/ash\/vereine\/rollerverein\/\",\"url\":\"http:\/\/www.alterschlachthof.at\/ash\/vereine\/rollerverein\/\",\"name\":\"Rollerverein Elderspring\u00b4s Scooters - Alter Schlachthof Hollabrunn\",\"isPartOf\":{\"@id\":\"http:\/\/www.alterschlachthof.at\/ash\/#website\"},\"datePublished\":\"2013-01-07T17:34:12+00:00\",\"dateModified\":\"2023-02-13T14:11:49+00:00\",\"breadcrumb\":{\"@id\":\"http:\/\/www.alterschlachthof.at\/ash\/vereine\/rollerverein\/#breadcrumb\"},\"inLanguage\":\"de\",\"potentialAction\":[{\"@type\":\"ReadAction\",\"target\":[\"http:\/\/www.alterschlachthof.at\/ash\/vereine\/rollerverein\/\"]}]},{\"@type\":\"BreadcrumbList\",\"@id\":\"http:\/\/www.alterschlachthof.at\/ash\/vereine\/rollerverein\/#breadcrumb\",\"itemListElement\":[{\"@type\":\"ListItem\",\"position\":1,\"name\":\"Home\",\"item\":\"http:\/\/www.alterschlachthof.at\/ash\/\"},{\"@type\":\"ListItem\",\"position\":2,\"name\":\"Vereine\",\"item\":\"https:\/\/www.alterschlachthof.at\/ash\/vereine\/\"},{\"@type\":\"ListItem\",\"position\":3,\"name\":\"Rollerverein Elderspring\u00b4s Scooters\"}]},{\"@type\":\"WebSite\",\"@id\":\"http:\/\/www.alterschlachthof.at\/ash\/#website\",\"url\":\"http:\/\/www.alterschlachthof.at\/ash\/\",\"name\":\"Alter Schlachthof Hollabrunn\",\"description\":\"Verein zur F\u00f6rderung der Kulturszene in Hollabrunn\",\"potentialAction\":[{\"@type\":\"SearchAction\",\"target\":{\"@type\":\"EntryPoint\",\"urlTemplate\":\"http:\/\/www.alterschlachthof.at\/ash\/?s={search_term_string}\"},\"query-input\":\"required name=search_term_string\"}],\"inLanguage\":\"de\"}]}<\/script>\n<!-- \/ Yoast SEO plugin. -->","yoast_head_json":{"title":"Rollerverein Elderspring\u00b4s Scooters - Alter Schlachthof Hollabrunn","robots":{"index":"index","follow":"follow","max-snippet":"max-snippet:-1","max-image-preview":"max-image-preview:large","max-video-preview":"max-video-preview:-1"},"canonical":"http:\/\/www.alterschlachthof.at\/ash\/vereine\/rollerverein\/","og_locale":"de_DE","og_type":"article","og_title":"Rollerverein Elderspring\u00b4s Scooters - Alter Schlachthof Hollabrunn","og_description":"Der Rollerverein Hollabrunn Eldersping\u00b4s Scooters wurde 1990 als markenoffener Verein gegr\u00fcndet, um Rollerbegeisternte unterschiedlicher Marken zu vereinen. Rasch erfolgte der Beitritt zum Vespa Club Austria, dem Dachverband der \u00f6sterreichischen Vespaclubs, und damit auch zur Federation International des Vespa Clubs (FIV) &hellip; Weiterlesen &rarr;","og_url":"http:\/\/www.alterschlachthof.at\/ash\/vereine\/rollerverein\/","og_site_name":"Alter Schlachthof Hollabrunn","article_modified_time":"2023-02-13T14:11:49+00:00","twitter_misc":{"Gesch\u00e4tzte Lesezeit":"1\u00a0Minute"},"schema":{"@context":"https:\/\/schema.org","@graph":[{"@type":"WebPage","@id":"http:\/\/www.alterschlachthof.at\/ash\/vereine\/rollerverein\/","url":"http:\/\/www.alterschlachthof.at\/ash\/vereine\/rollerverein\/","name":"Rollerverein Elderspring\u00b4s Scooters - Alter Schlachthof Hollabrunn","isPartOf":{"@id":"http:\/\/www.alterschlachthof.at\/ash\/#website"},"datePublished":"2013-01-07T17:34:12+00:00","dateModified":"2023-02-13T14:11:49+00:00","breadcrumb":{"@id":"http:\/\/www.alterschlachthof.at\/ash\/vereine\/rollerverein\/#breadcrumb"},"inLanguage":"de","potentialAction":[{"@type":"ReadAction","target":["http:\/\/www.alterschlachthof.at\/ash\/vereine\/rollerverein\/"]}]},{"@type":"BreadcrumbList","@id":"http:\/\/www.alterschlachthof.at\/ash\/vereine\/rollerverein\/#breadcrumb","itemListElement":[{"@type":"ListItem","position":1,"name":"Home","item":"http:\/\/www.alterschlachthof.at\/ash\/"},{"@type":"ListItem","position":2,"name":"Vereine","item":"https:\/\/www.alterschlachthof.at\/ash\/vereine\/"},{"@type":"ListItem","position":3,"name":"Rollerverein Elderspring\u00b4s Scooters"}]},{"@type":"WebSite","@id":"http:\/\/www.alterschlachthof.at\/ash\/#website","url":"http:\/\/www.alterschlachthof.at\/ash\/","name":"Alter Schlachthof Hollabrunn","description":"Verein zur F\u00f6rderung der Kulturszene in Hollabrunn","potentialAction":[{"@type":"SearchAction","target":{"@type":"EntryPoint","urlTemplate":"http:\/\/www.alterschlachthof.at\/ash\/?s={search_term_string}"},"query-input":"required name=search_term_string"}],"inLanguage":"de"}]}},"_links":{"self":[{"href":"http:\/\/www.alterschlachthof.at\/ash\/wp-json\/wp\/v2\/pages\/21"}],"collection":[{"href":"http:\/\/www.alterschlachthof.at\/ash\/wp-json\/wp\/v2\/pages"}],"about":[{"href":"http:\/\/www.alterschlachthof.at\/ash\/wp-json\/wp\/v2\/types\/page"}],"author":[{"embeddable":true,"href":"http:\/\/www.alterschlachthof.at\/ash\/wp-json\/wp\/v2\/users\/4"}],"replies":[{"embeddable":true,"href":"http:\/\/www.alterschlachthof.at\/ash\/wp-json\/wp\/v2\/comments?post=21"}],"version-history":[{"count":3,"href":"http:\/\/www.alterschlachthof.at\/ash\/wp-json\/wp\/v2\/pages\/21\/revisions"}],"predecessor-version":[{"id":199,"href":"http:\/\/www.alterschlachthof.at\/ash\/wp-json\/wp\/v2\/pages\/21\/revisions\/199"}],"up":[{"embeddable":true,"href":"http:\/\/www.alterschlachthof.at\/ash\/wp-json\/wp\/v2\/pages\/2"}],"wp:attachment":[{"href":"http:\/\/www.alterschlachthof.at\/ash\/wp-json\/wp\/v2\/media?parent=21"}],"curies":[{"name":"wp","href":"https:\/\/api.w.org\/{rel}","templated":true}]}}