{"id":23,"date":"2013-01-07T19:34:26","date_gmt":"2013-01-07T17:34:26","guid":{"rendered":"http:\/\/www.alterschlachthof.at\/ash\/?page_id=23"},"modified":"2014-02-17T21:24:26","modified_gmt":"2014-02-17T20:24:26","slug":"radio-ypsilon","status":"publish","type":"page","link":"http:\/\/www.alterschlachthof.at\/ash\/vereine\/radio-ypsilon\/","title":{"rendered":"radioYpsilon"},"content":{"rendered":"<p><b>radioYpsilon ist&#8230;<\/b><\/p>\n<ul>\n<li><b><i>&#8230;ein freies Radio <\/i><\/b><\/li>\n<li><b><i>&#8230;aus der Region f\u00fcr die Region, <\/i><\/b><\/li>\n<li><b><i>&#8230;von Menschen f\u00fcr Menschen, <\/i><\/b><\/li>\n<li><b><i>&#8230;f\u00fcr alle Generationen, <\/i><\/b><\/li>\n<li><b><i>&#8230;ohne Grenzen<\/i><\/b><\/li>\n<li><b><i>&#8230;mit vielf\u00e4ltigen Sendungsformaten, Kulturen, Generationen, Sprachen, Themen!<\/i><\/b><\/li>\n<\/ul>\n<p><b><span style=\"text-decoration: underline;\">RadioYpsilon ist ein freies Radio.<\/span><\/b><\/p>\n<p>Freie Radios sind in der Rundfunklandschaft als dritte Sparte neben dem \u00f6ffentlich-rechtlichen Sendern (wie z.B. \u00d63, \u00d61,&#8230;) und kommerziellen Sendern bzw. Privatradios (z.B. Krone Hitradio,\u2026) anerkannt.<\/p>\n<p>radioYpsilon steht damit nicht in Konkurrenz zu den \u00f6ffentlich-rechtlichen Sendern und Privatradios, sondern ist eine Erg\u00e4nzung zu diesen und tr\u00e4gt dazu bei, das Medienangebot zu erweitern. Es geht um authentisches Radiomachen mit einem anderen Qualit\u00e4tsanspruch sowie um Medien- und Meinungsvielfalt, aber auf keinem Fall darum, die massentauglichen Radiosender und deren Programm imitieren zu wollen.<\/p>\n<p><b><span style=\"text-decoration: underline;\">radioYpsilon ist nicht-kommerziell, d.h. es wird bewusst auf Werbung verzichtet.<\/span><\/b><\/p>\n<p>Bei uns gibt es Programm pur, ohne l\u00e4stige Werbeunterbrechung. Unsere St\u00e4rke ist es, nicht auf massentaugliches Programm und Maximierung von Quoten angewiesen zu sein, denn wir m\u00fcssen keine Werbezeit verkaufen.<\/p>\n<p><b><span style=\"text-decoration: underline;\">Deshalb ist radioYpsilon auch unabh\u00e4ngig.<\/span><\/b><\/p>\n<p>Ohne die Fesseln der Werbewirtschaft kann ein H\u00f6chstma\u00df an Meinungsfreiheit transportiert werden, kann die kritische Auseinandersetzung mit Themen garantiert werden.<\/p>\n<p><b><span style=\"text-decoration: underline;\">radioYpsilon ist offen f\u00fcr alle Menschen<\/span><\/b><span style=\"text-decoration: underline;\">.<\/span><\/p>\n<p>Bei uns werden passive H\u00f6rerInnen zu aktiven RadiomacherInnen. Ehrenamtlich und eigenverantwortlich. Besonders unterst\u00fctzt werden dabei jene Menschen, Themen und Musikrichtungen, denen in quotenabh\u00e4ngigen Radios keine oder kaum \u00d6ffentlichkeit geboten wird. Der offene Zugang zum Radio hei\u00dft, das jede\/r eine Sendung gestalten darf, sofern die gesetzlichen Rahmenbedingungen und die Charta der Freien Radios beachtet werden. Damit entsteht eine Vielfalt an Meinungen, Themen und Musikrichtungen, es wird ein Zeichen gegen Diskriminierung gesetzt. Es sorgt f\u00fcr Abwechslung, weil Radiomachen auf diese Weise kreativ, spontan, authentisch, aber auch experimentell sein darf.<\/p>\n<p>Bei radioYpsilon \u201emenschelt\u201c es, es ist ein Radio von Menschen f\u00fcr Menschen und das \u00fcber alle Generationen und Kulturen hinweg. So wird auch der Austausch untereinander, das Verst\u00e4ndnis f\u00fcreinander gef\u00f6rdert.<\/p>\n<p><b><span style=\"text-decoration: underline;\">radioYpsilon ist Radio aus der Region f\u00fcr Region.<\/span><\/b><\/p>\n<p>Durch die starke regionale Verwurzelung werden vor allem Ereignisse, die \u201evor Ort\u201c stattfinden, behandelt. Regionales (Tages)Geschehen aus den Bereichen Soziales, Kultur, Politik, Bildung, etc. ist uns ebenso wichtig wie die Kooperation mit ans\u00e4ssigen Vereine, Organisationen, Schulen und vielen mehr.<\/p>\n<p><b><span style=\"text-decoration: underline;\">radioYpsilon f\u00f6rdert Medienkompetenz.<\/span><\/b><\/p>\n<p>Durch den aktiven Umgang mit dem Medium Radio wird ein besseres Verst\u00e4ndnis f\u00fcr dieses und die Medienlandschaft generell entwickelt \u2013 und das besonders auch schon bei jungen Menschen. Vermittelt und geboten werden kreative Auseinandersetzung und Gestaltung, pers\u00f6nliche Weiterbildung und -entwicklung, Schulung im freien Reden\/Ausdruck, Workshops (journalistisch, technisch, medienrechtlich) und technisches Know-How.<\/p>\n<p><b><span style=\"text-decoration: underline;\">radioYpsilon ist multikulturell.<\/span><\/b><\/p>\n<p>Durch die enge Verbundenheit der Grenzregion Weinviertel mit unseren tschechischen und slowakischen Nachbarn wird in verschiedenen Sprachen gesendet. Damit steht radioYpsilon f\u00fcr internationale Vernetzung und Weltoffenheit sowie gegen Rassismus und Diskriminierung.<\/p>\n<p>Das \u201eY\u201c im Sendernamen symbolisiert den T\u00e4tigkeitsbereich im Dreil\u00e4ndereck \u00d6sterreich \u2013 Tschechische Republik \u2013 Slowakei mit seinen drei verschiedenen Sprachen.<\/p>\n","protected":false},"excerpt":{"rendered":"<p>radioYpsilon ist&#8230; &#8230;ein freies Radio &#8230;aus der Region f\u00fcr die Region, &#8230;von Menschen f\u00fcr Menschen, &#8230;f\u00fcr alle Generationen, &#8230;ohne Grenzen &#8230;mit vielf\u00e4ltigen Sendungsformaten, Kulturen, Generationen, Sprachen, Themen! RadioYpsilon ist ein freies Radio. Freie Radios sind in der Rundfunklandschaft als dritte &hellip; <a href=\"http:\/\/www.alterschlachthof.at\/ash\/vereine\/radio-ypsilon\/\">Weiterlesen <span class=\"meta-nav\">&rarr;<\/span><\/a><\/p>\n","protected":false},"author":4,"featured_media":148,"parent":2,"menu_order":0,"comment_status":"open","ping_status":"open","template":"","meta":{"_monsterinsights_skip_tracking":false,"_monsterinsights_sitenote_active":false,"_monsterinsights_sitenote_note":"","_monsterinsights_sitenote_category":0},"yoast_head":"<!-- This site is optimized with the Yoast SEO plugin v20.1 - https:\/\/yoast.com\/wordpress\/plugins\/seo\/ -->\n<title>radioYpsilon - Alter Schlachthof Hollabrunn<\/title>\n<meta name=\"robots\" content=\"index, follow, max-snippet:-1, max-image-preview:large, max-video-preview:-1\" \/>\n<link rel=\"canonical\" href=\"http:\/\/www.alterschlachthof.at\/ash\/vereine\/radio-ypsilon\/\" \/>\n<meta property=\"og:locale\" content=\"de_DE\" \/>\n<meta property=\"og:type\" content=\"article\" \/>\n<meta property=\"og:title\" content=\"radioYpsilon - Alter Schlachthof Hollabrunn\" \/>\n<meta property=\"og:description\" content=\"radioYpsilon ist&#8230; &#8230;ein freies Radio &#8230;aus der Region f\u00fcr die Region, &#8230;von Menschen f\u00fcr Menschen, &#8230;f\u00fcr alle Generationen, &#8230;ohne Grenzen &#8230;mit vielf\u00e4ltigen Sendungsformaten, Kulturen, Generationen, Sprachen, Themen! RadioYpsilon ist ein freies Radio. Freie Radios sind in der Rundfunklandschaft als dritte &hellip; Weiterlesen &rarr;\" \/>\n<meta property=\"og:url\" content=\"http:\/\/www.alterschlachthof.at\/ash\/vereine\/radio-ypsilon\/\" \/>\n<meta property=\"og:site_name\" content=\"Alter Schlachthof Hollabrunn\" \/>\n<meta property=\"article:modified_time\" content=\"2014-02-17T20:24:26+00:00\" \/>\n<meta property=\"og:image\" content=\"http:\/\/www.alterschlachthof.at\/ash\/wp-content\/uploads\/pult1.jpg\" \/>\n\t<meta property=\"og:image:width\" content=\"1000\" \/>\n\t<meta property=\"og:image:height\" content=\"288\" \/>\n\t<meta property=\"og:image:type\" content=\"image\/jpeg\" \/>\n<meta name=\"twitter:label1\" content=\"Gesch\u00e4tzte Lesezeit\" \/>\n\t<meta name=\"twitter:data1\" content=\"2\u00a0Minuten\" \/>\n<script type=\"application\/ld+json\" class=\"yoast-schema-graph\">{\"@context\":\"https:\/\/schema.org\",\"@graph\":[{\"@type\":\"WebPage\",\"@id\":\"http:\/\/www.alterschlachthof.at\/ash\/vereine\/radio-ypsilon\/\",\"url\":\"http:\/\/www.alterschlachthof.at\/ash\/vereine\/radio-ypsilon\/\",\"name\":\"radioYpsilon - Alter Schlachthof Hollabrunn\",\"isPartOf\":{\"@id\":\"http:\/\/www.alterschlachthof.at\/ash\/#website\"},\"datePublished\":\"2013-01-07T17:34:26+00:00\",\"dateModified\":\"2014-02-17T20:24:26+00:00\",\"breadcrumb\":{\"@id\":\"http:\/\/www.alterschlachthof.at\/ash\/vereine\/radio-ypsilon\/#breadcrumb\"},\"inLanguage\":\"de\",\"potentialAction\":[{\"@type\":\"ReadAction\",\"target\":[\"http:\/\/www.alterschlachthof.at\/ash\/vereine\/radio-ypsilon\/\"]}]},{\"@type\":\"BreadcrumbList\",\"@id\":\"http:\/\/www.alterschlachthof.at\/ash\/vereine\/radio-ypsilon\/#breadcrumb\",\"itemListElement\":[{\"@type\":\"ListItem\",\"position\":1,\"name\":\"Home\",\"item\":\"http:\/\/www.alterschlachthof.at\/ash\/\"},{\"@type\":\"ListItem\",\"position\":2,\"name\":\"Vereine\",\"item\":\"http:\/\/www.alterschlachthof.at\/ash\/vereine\/\"},{\"@type\":\"ListItem\",\"position\":3,\"name\":\"radioYpsilon\"}]},{\"@type\":\"WebSite\",\"@id\":\"http:\/\/www.alterschlachthof.at\/ash\/#website\",\"url\":\"http:\/\/www.alterschlachthof.at\/ash\/\",\"name\":\"Alter Schlachthof Hollabrunn\",\"description\":\"Verein zur F\u00f6rderung der Kulturszene in Hollabrunn\",\"potentialAction\":[{\"@type\":\"SearchAction\",\"target\":{\"@type\":\"EntryPoint\",\"urlTemplate\":\"http:\/\/www.alterschlachthof.at\/ash\/?s={search_term_string}\"},\"query-input\":\"required name=search_term_string\"}],\"inLanguage\":\"de\"}]}<\/script>\n<!-- \/ Yoast SEO plugin. -->","yoast_head_json":{"title":"radioYpsilon - Alter Schlachthof Hollabrunn","robots":{"index":"index","follow":"follow","max-snippet":"max-snippet:-1","max-image-preview":"max-image-preview:large","max-video-preview":"max-video-preview:-1"},"canonical":"http:\/\/www.alterschlachthof.at\/ash\/vereine\/radio-ypsilon\/","og_locale":"de_DE","og_type":"article","og_title":"radioYpsilon - Alter Schlachthof Hollabrunn","og_description":"radioYpsilon ist&#8230; &#8230;ein freies Radio &#8230;aus der Region f\u00fcr die Region, &#8230;von Menschen f\u00fcr Menschen, &#8230;f\u00fcr alle Generationen, &#8230;ohne Grenzen &#8230;mit vielf\u00e4ltigen Sendungsformaten, Kulturen, Generationen, Sprachen, Themen! RadioYpsilon ist ein freies Radio. Freie Radios sind in der Rundfunklandschaft als dritte &hellip; Weiterlesen &rarr;","og_url":"http:\/\/www.alterschlachthof.at\/ash\/vereine\/radio-ypsilon\/","og_site_name":"Alter Schlachthof Hollabrunn","article_modified_time":"2014-02-17T20:24:26+00:00","og_image":[{"width":1000,"height":288,"url":"http:\/\/www.alterschlachthof.at\/ash\/wp-content\/uploads\/pult1.jpg","type":"image\/jpeg"}],"twitter_misc":{"Gesch\u00e4tzte Lesezeit":"2\u00a0Minuten"},"schema":{"@context":"https:\/\/schema.org","@graph":[{"@type":"WebPage","@id":"http:\/\/www.alterschlachthof.at\/ash\/vereine\/radio-ypsilon\/","url":"http:\/\/www.alterschlachthof.at\/ash\/vereine\/radio-ypsilon\/","name":"radioYpsilon - Alter Schlachthof Hollabrunn","isPartOf":{"@id":"http:\/\/www.alterschlachthof.at\/ash\/#website"},"datePublished":"2013-01-07T17:34:26+00:00","dateModified":"2014-02-17T20:24:26+00:00","breadcrumb":{"@id":"http:\/\/www.alterschlachthof.at\/ash\/vereine\/radio-ypsilon\/#breadcrumb"},"inLanguage":"de","potentialAction":[{"@type":"ReadAction","target":["http:\/\/www.alterschlachthof.at\/ash\/vereine\/radio-ypsilon\/"]}]},{"@type":"BreadcrumbList","@id":"http:\/\/www.alterschlachthof.at\/ash\/vereine\/radio-ypsilon\/#breadcrumb","itemListElement":[{"@type":"ListItem","position":1,"name":"Home","item":"http:\/\/www.alterschlachthof.at\/ash\/"},{"@type":"ListItem","position":2,"name":"Vereine","item":"http:\/\/www.alterschlachthof.at\/ash\/vereine\/"},{"@type":"ListItem","position":3,"name":"radioYpsilon"}]},{"@type":"WebSite","@id":"http:\/\/www.alterschlachthof.at\/ash\/#website","url":"http:\/\/www.alterschlachthof.at\/ash\/","name":"Alter Schlachthof Hollabrunn","description":"Verein zur F\u00f6rderung der Kulturszene in Hollabrunn","potentialAction":[{"@type":"SearchAction","target":{"@type":"EntryPoint","urlTemplate":"http:\/\/www.alterschlachthof.at\/ash\/?s={search_term_string}"},"query-input":"required name=search_term_string"}],"inLanguage":"de"}]}},"_links":{"self":[{"href":"http:\/\/www.alterschlachthof.at\/ash\/wp-json\/wp\/v2\/pages\/23"}],"collection":[{"href":"http:\/\/www.alterschlachthof.at\/ash\/wp-json\/wp\/v2\/pages"}],"about":[{"href":"http:\/\/www.alterschlachthof.at\/ash\/wp-json\/wp\/v2\/types\/page"}],"author":[{"embeddable":true,"href":"http:\/\/www.alterschlachthof.at\/ash\/wp-json\/wp\/v2\/users\/4"}],"replies":[{"embeddable":true,"href":"http:\/\/www.alterschlachthof.at\/ash\/wp-json\/wp\/v2\/comments?post=23"}],"version-history":[{"count":4,"href":"http:\/\/www.alterschlachthof.at\/ash\/wp-json\/wp\/v2\/pages\/23\/revisions"}],"predecessor-version":[{"id":198,"href":"http:\/\/www.alterschlachthof.at\/ash\/wp-json\/wp\/v2\/pages\/23\/revisions\/198"}],"up":[{"embeddable":true,"href":"http:\/\/www.alterschlachthof.at\/ash\/wp-json\/wp\/v2\/pages\/2"}],"wp:featuredmedia":[{"embeddable":true,"href":"http:\/\/www.alterschlachthof.at\/ash\/wp-json\/wp\/v2\/media\/148"}],"wp:attachment":[{"href":"http:\/\/www.alterschlachthof.at\/ash\/wp-json\/wp\/v2\/media?parent=23"}],"curies":[{"name":"wp","href":"https:\/\/api.w.org\/{rel}","templated":true}]}}