{"id":234,"date":"2014-02-24T11:49:35","date_gmt":"2014-02-24T10:49:35","guid":{"rendered":"http:\/\/www.alterschlachthof.at\/ash\/?page_id=234"},"modified":"2018-05-23T04:15:47","modified_gmt":"2018-05-23T02:15:47","slug":"datenschutzerklaerung","status":"publish","type":"page","link":"http:\/\/www.alterschlachthof.at\/ash\/impressum\/datenschutzerklaerung\/","title":{"rendered":"Datenschutzerkl\u00e4rung"},"content":{"rendered":"<p><strong>Datenschutz<\/strong><br \/>\nDie Nutzung unserer Webseite ist in der Regel ohne Angabe personenbezogener Daten m\u00f6glich. Soweit auf unseren Seiten personenbezogene Daten (beispielsweise Name, Anschrift oder eMail-Adressen) erhoben werden, erfolgt dies, soweit m\u00f6glich, stets auf freiwilliger Basis. Diese Daten werden ohne Ihre ausdr\u00fcckliche Zustimmung nicht an Dritte weitergegeben, werden ausschliesslich zu notwendigen bzw von ihnen gew\u00fcnschten Zwecken (zB zur Kontaktaufnahme zwecks einer Vermietung) verwendet, und nur so lange wie n\u00f6tig aufbewahrt.<\/p>\n<p>Wir weisen darauf hin, dass die Daten\u00fcbertragung im Internet (z.B. bei der Kommunikation per E-Mail) Sicherheitsl\u00fccken aufweisen kann. Ein l\u00fcckenloser Schutz der Daten vor dem Zugriff durch Dritte ist nicht m\u00f6glich.<br \/>\nDer Nutzung von im Rahmen der Impressumspflicht ver\u00f6ffentlichten Kontaktdaten durch Dritte zur \u00dcbersendung von nicht ausdr\u00fccklich angeforderter Werbung und Informationsmaterialien wird hiermit ausdr\u00fccklich widersprochen. Die Betreiber der Seiten behalten sich ausdr\u00fccklich rechtliche Schritte im Falle der unverlangten Zusendung von Werbeinformationen, etwa durch Spam-Mails, vor.<\/p>\n<p><strong>Datenschutzerkl\u00e4rung f\u00fcr die Nutzung von Facebook-Plugins (Like-Button)<\/strong><br \/>\nAuf unseren Seiten sind Plugins des sozialen Netzwerks Facebook (Facebook Inc., 1601 Willow Road, Menlo Park, California, 94025, USA) integriert. Die Facebook-Plugins erkennen Sie an dem Facebook-Logo oder dem &#8222;Like-Button&#8220; (&#8222;Gef\u00e4llt mir&#8220;) auf unserer Seite. Eine \u00dcbersicht \u00fcber die Facebook-Plugins finden Sie hier: http:\/\/developers.facebook.com\/docs\/plugins\/.<\/p>\n<p>Wenn Sie unsere Seiten besuchen, wird \u00fcber das Plugin eine direkte Verbindung zwischen Ihrem Browser und dem Facebook-Server hergestellt. Facebook erh\u00e4lt dadurch die Information, dass Sie mit Ihrer IP-Adresse unsere Seite besucht haben. Wenn Sie den Facebook &#8222;Like-Button&#8220; anklicken w\u00e4hrend Sie in Ihrem Facebook-Account eingeloggt sind, k\u00f6nnen Sie die Inhalte unserer Seiten auf Ihrem Facebook-Profil verlinken. Dadurch kann Facebook den Besuch unserer Seiten Ihrem Benutzerkonto zuordnen. Wir weisen darauf hin, dass wir als Anbieter der Seiten keine Kenntnis vom Inhalt der \u00fcbermittelten Daten sowie deren Nutzung durch Facebook erhalten. Weitere Informationen hierzu finden Sie in der Datenschutzerkl\u00e4rung von facebook unter http:\/\/de-de.facebook.com\/policy.php<br \/>\nWenn Sie nicht w\u00fcnschen, dass Facebook den Besuch unserer Seiten Ihrem Facebook-Nutzerkonto zuordnen kann, loggen Sie sich bitte aus Ihrem Facebook-Benutzerkonto aus.<\/p>\n","protected":false},"excerpt":{"rendered":"<p>Datenschutz Die Nutzung unserer Webseite ist in der Regel ohne Angabe personenbezogener Daten m\u00f6glich. Soweit auf unseren Seiten personenbezogene Daten (beispielsweise Name, Anschrift oder eMail-Adressen) erhoben werden, erfolgt dies, soweit m\u00f6glich, stets auf freiwilliger Basis. Diese Daten werden ohne Ihre &hellip; <a href=\"http:\/\/www.alterschlachthof.at\/ash\/impressum\/datenschutzerklaerung\/\">Weiterlesen <span class=\"meta-nav\">&rarr;<\/span><\/a><\/p>\n","protected":false},"author":2,"featured_media":0,"parent":230,"menu_order":0,"comment_status":"closed","ping_status":"closed","template":"","meta":{"_monsterinsights_skip_tracking":false,"_monsterinsights_sitenote_active":false,"_monsterinsights_sitenote_note":"","_monsterinsights_sitenote_category":0},"yoast_head":"<!-- This site is optimized with the Yoast SEO plugin v20.1 - https:\/\/yoast.com\/wordpress\/plugins\/seo\/ -->\n<title>Datenschutzerkl\u00e4rung - Alter Schlachthof Hollabrunn<\/title>\n<meta name=\"robots\" content=\"index, follow, max-snippet:-1, max-image-preview:large, max-video-preview:-1\" \/>\n<link rel=\"canonical\" href=\"https:\/\/www.alterschlachthof.at\/ash\/impressum\/datenschutzerklaerung\/\" \/>\n<meta property=\"og:locale\" content=\"de_DE\" \/>\n<meta property=\"og:type\" content=\"article\" \/>\n<meta property=\"og:title\" content=\"Datenschutzerkl\u00e4rung - Alter Schlachthof Hollabrunn\" \/>\n<meta property=\"og:description\" content=\"Datenschutz Die Nutzung unserer Webseite ist in der Regel ohne Angabe personenbezogener Daten m\u00f6glich. Soweit auf unseren Seiten personenbezogene Daten (beispielsweise Name, Anschrift oder eMail-Adressen) erhoben werden, erfolgt dies, soweit m\u00f6glich, stets auf freiwilliger Basis. Diese Daten werden ohne Ihre &hellip; Weiterlesen &rarr;\" \/>\n<meta property=\"og:url\" content=\"https:\/\/www.alterschlachthof.at\/ash\/impressum\/datenschutzerklaerung\/\" \/>\n<meta property=\"og:site_name\" content=\"Alter Schlachthof Hollabrunn\" \/>\n<meta property=\"article:modified_time\" content=\"2018-05-23T02:15:47+00:00\" \/>\n<meta name=\"twitter:label1\" content=\"Gesch\u00e4tzte Lesezeit\" \/>\n\t<meta name=\"twitter:data1\" content=\"2\u00a0Minuten\" \/>\n<script type=\"application\/ld+json\" class=\"yoast-schema-graph\">{\"@context\":\"https:\/\/schema.org\",\"@graph\":[{\"@type\":\"WebPage\",\"@id\":\"https:\/\/www.alterschlachthof.at\/ash\/impressum\/datenschutzerklaerung\/\",\"url\":\"https:\/\/www.alterschlachthof.at\/ash\/impressum\/datenschutzerklaerung\/\",\"name\":\"Datenschutzerkl\u00e4rung - Alter Schlachthof Hollabrunn\",\"isPartOf\":{\"@id\":\"https:\/\/www.alterschlachthof.at\/ash\/#website\"},\"datePublished\":\"2014-02-24T10:49:35+00:00\",\"dateModified\":\"2018-05-23T02:15:47+00:00\",\"breadcrumb\":{\"@id\":\"https:\/\/www.alterschlachthof.at\/ash\/impressum\/datenschutzerklaerung\/#breadcrumb\"},\"inLanguage\":\"de\",\"potentialAction\":[{\"@type\":\"ReadAction\",\"target\":[\"https:\/\/www.alterschlachthof.at\/ash\/impressum\/datenschutzerklaerung\/\"]}]},{\"@type\":\"BreadcrumbList\",\"@id\":\"https:\/\/www.alterschlachthof.at\/ash\/impressum\/datenschutzerklaerung\/#breadcrumb\",\"itemListElement\":[{\"@type\":\"ListItem\",\"position\":1,\"name\":\"Home\",\"item\":\"https:\/\/www.alterschlachthof.at\/ash\/\"},{\"@type\":\"ListItem\",\"position\":2,\"name\":\"Impressum\",\"item\":\"https:\/\/www.alterschlachthof.at\/ash\/impressum\/\"},{\"@type\":\"ListItem\",\"position\":3,\"name\":\"Datenschutzerkl\u00e4rung\"}]},{\"@type\":\"WebSite\",\"@id\":\"https:\/\/www.alterschlachthof.at\/ash\/#website\",\"url\":\"https:\/\/www.alterschlachthof.at\/ash\/\",\"name\":\"Alter Schlachthof Hollabrunn\",\"description\":\"Verein zur F\u00f6rderung der Kulturszene in Hollabrunn\",\"potentialAction\":[{\"@type\":\"SearchAction\",\"target\":{\"@type\":\"EntryPoint\",\"urlTemplate\":\"https:\/\/www.alterschlachthof.at\/ash\/?s={search_term_string}\"},\"query-input\":\"required name=search_term_string\"}],\"inLanguage\":\"de\"}]}<\/script>\n<!-- \/ Yoast SEO plugin. -->","yoast_head_json":{"title":"Datenschutzerkl\u00e4rung - Alter Schlachthof Hollabrunn","robots":{"index":"index","follow":"follow","max-snippet":"max-snippet:-1","max-image-preview":"max-image-preview:large","max-video-preview":"max-video-preview:-1"},"canonical":"https:\/\/www.alterschlachthof.at\/ash\/impressum\/datenschutzerklaerung\/","og_locale":"de_DE","og_type":"article","og_title":"Datenschutzerkl\u00e4rung - Alter Schlachthof Hollabrunn","og_description":"Datenschutz Die Nutzung unserer Webseite ist in der Regel ohne Angabe personenbezogener Daten m\u00f6glich. Soweit auf unseren Seiten personenbezogene Daten (beispielsweise Name, Anschrift oder eMail-Adressen) erhoben werden, erfolgt dies, soweit m\u00f6glich, stets auf freiwilliger Basis. Diese Daten werden ohne Ihre &hellip; Weiterlesen &rarr;","og_url":"https:\/\/www.alterschlachthof.at\/ash\/impressum\/datenschutzerklaerung\/","og_site_name":"Alter Schlachthof Hollabrunn","article_modified_time":"2018-05-23T02:15:47+00:00","twitter_misc":{"Gesch\u00e4tzte Lesezeit":"2\u00a0Minuten"},"schema":{"@context":"https:\/\/schema.org","@graph":[{"@type":"WebPage","@id":"https:\/\/www.alterschlachthof.at\/ash\/impressum\/datenschutzerklaerung\/","url":"https:\/\/www.alterschlachthof.at\/ash\/impressum\/datenschutzerklaerung\/","name":"Datenschutzerkl\u00e4rung - Alter Schlachthof Hollabrunn","isPartOf":{"@id":"https:\/\/www.alterschlachthof.at\/ash\/#website"},"datePublished":"2014-02-24T10:49:35+00:00","dateModified":"2018-05-23T02:15:47+00:00","breadcrumb":{"@id":"https:\/\/www.alterschlachthof.at\/ash\/impressum\/datenschutzerklaerung\/#breadcrumb"},"inLanguage":"de","potentialAction":[{"@type":"ReadAction","target":["https:\/\/www.alterschlachthof.at\/ash\/impressum\/datenschutzerklaerung\/"]}]},{"@type":"BreadcrumbList","@id":"https:\/\/www.alterschlachthof.at\/ash\/impressum\/datenschutzerklaerung\/#breadcrumb","itemListElement":[{"@type":"ListItem","position":1,"name":"Home","item":"https:\/\/www.alterschlachthof.at\/ash\/"},{"@type":"ListItem","position":2,"name":"Impressum","item":"https:\/\/www.alterschlachthof.at\/ash\/impressum\/"},{"@type":"ListItem","position":3,"name":"Datenschutzerkl\u00e4rung"}]},{"@type":"WebSite","@id":"https:\/\/www.alterschlachthof.at\/ash\/#website","url":"https:\/\/www.alterschlachthof.at\/ash\/","name":"Alter Schlachthof Hollabrunn","description":"Verein zur F\u00f6rderung der Kulturszene in Hollabrunn","potentialAction":[{"@type":"SearchAction","target":{"@type":"EntryPoint","urlTemplate":"https:\/\/www.alterschlachthof.at\/ash\/?s={search_term_string}"},"query-input":"required name=search_term_string"}],"inLanguage":"de"}]}},"_links":{"self":[{"href":"http:\/\/www.alterschlachthof.at\/ash\/wp-json\/wp\/v2\/pages\/234"}],"collection":[{"href":"http:\/\/www.alterschlachthof.at\/ash\/wp-json\/wp\/v2\/pages"}],"about":[{"href":"http:\/\/www.alterschlachthof.at\/ash\/wp-json\/wp\/v2\/types\/page"}],"author":[{"embeddable":true,"href":"http:\/\/www.alterschlachthof.at\/ash\/wp-json\/wp\/v2\/users\/2"}],"replies":[{"embeddable":true,"href":"http:\/\/www.alterschlachthof.at\/ash\/wp-json\/wp\/v2\/comments?post=234"}],"version-history":[{"count":8,"href":"http:\/\/www.alterschlachthof.at\/ash\/wp-json\/wp\/v2\/pages\/234\/revisions"}],"predecessor-version":[{"id":358,"href":"http:\/\/www.alterschlachthof.at\/ash\/wp-json\/wp\/v2\/pages\/234\/revisions\/358"}],"up":[{"embeddable":true,"href":"http:\/\/www.alterschlachthof.at\/ash\/wp-json\/wp\/v2\/pages\/230"}],"wp:attachment":[{"href":"http:\/\/www.alterschlachthof.at\/ash\/wp-json\/wp\/v2\/media?parent=234"}],"curies":[{"name":"wp","href":"https:\/\/api.w.org\/{rel}","templated":true}]}}